{"id":239,"date":"2022-03-03T11:53:25","date_gmt":"2022-03-03T10:53:25","guid":{"rendered":"http:\/\/confreriepeketescargots.net\/?page_id=239"},"modified":"2022-03-03T11:53:25","modified_gmt":"2022-03-03T10:53:25","slug":"239-2","status":"publish","type":"page","link":"http:\/\/confreriepeketescargots.net\/index.php\/239-2\/","title":{"rendered":"Chapitre 2018"},"content":{"rendered":"[et_pb_section fb_built=\u00a0\u00bb1&Prime; fullwidth=\u00a0\u00bbon\u00a0\u00bb _builder_version=\u00a0\u00bb4.14.4&Prime; _module_preset=\u00a0\u00bbdefault\u00a0\u00bb global_colors_info=\u00a0\u00bb{}\u00a0\u00bb theme_builder_area=\u00a0\u00bbpost_content\u00a0\u00bb][et_pb_fullwidth_header title=\u00a0\u00bbChapitre 2018&Prime; _builder_version=\u00a0\u00bb4.14.4&Prime; _module_preset=\u00a0\u00bbdefault\u00a0\u00bb title_font=\u00a0\u00bb|700|||||||\u00a0\u00bb title_font_size=\u00a0\u00bb40px\u00a0\u00bb title_letter_spacing=\u00a0\u00bb3px\u00a0\u00bb background_color=\u00a0\u00bb#EDF000&Prime; custom_padding=\u00a0\u00bb||13px|||\u00a0\u00bb box_shadow_style=\u00a0\u00bbpreset6&Prime; text_shadow_style=\u00a0\u00bbpreset1&Prime; text_shadow_horizontal_length=\u00a0\u00bb0.07em\u00a0\u00bb text_shadow_vertical_length=\u00a0\u00bb0.13em\u00a0\u00bb text_shadow_blur_strength=\u00a0\u00bb0.46em\u00a0\u00bb text_shadow_color=\u00a0\u00bb#E02B20&Prime; global_colors_info=\u00a0\u00bb{}\u00a0\u00bb theme_builder_area=\u00a0\u00bbpost_content\u00a0\u00bb]<p>Cette ann\u00e9e a vu l&rsquo;intronisation de :<\/p>\n<p>&#8230;&#8230;&#8230;..<\/p>[\/et_pb_fullwidth_header][\/et_pb_section][et_pb_section fb_built=\u00a0\u00bb1&Prime; admin_label=\u00a0\u00bbsection\u00a0\u00bb _builder_version=\u00a0\u00bb3.22&Prime; global_colors_info=\u00a0\u00bb{}\u00a0\u00bb theme_builder_area=\u00a0\u00bbpost_content\u00a0\u00bb][et_pb_row admin_label=\u00a0\u00bbrow\u00a0\u00bb _builder_version=\u00a0\u00bb3.25&Prime; background_size=\u00a0\u00bbinitial\u00a0\u00bb background_position=\u00a0\u00bbtop_left\u00a0\u00bb background_repeat=\u00a0\u00bbrepeat\u00a0\u00bb global_colors_info=\u00a0\u00bb{}\u00a0\u00bb theme_builder_area=\u00a0\u00bbpost_content\u00a0\u00bb][et_pb_column type=\u00a0\u00bb4_4&Prime; _builder_version=\u00a0\u00bb3.25&Prime; custom_padding=\u00a0\u00bb|||\u00a0\u00bb global_colors_info=\u00a0\u00bb{}\u00a0\u00bb custom_padding__hover=\u00a0\u00bb|||\u00a0\u00bb theme_builder_area=\u00a0\u00bbpost_content\u00a0\u00bb][et_pb_text admin_label=\u00a0\u00bbText\u00a0\u00bb _builder_version=\u00a0\u00bb3.27.4&Prime; background_size=\u00a0\u00bbinitial\u00a0\u00bb background_position=\u00a0\u00bbtop_left\u00a0\u00bb background_repeat=\u00a0\u00bbrepeat\u00a0\u00bb global_colors_info=\u00a0\u00bb{}\u00a0\u00bb theme_builder_area=\u00a0\u00bbpost_content\u00a0\u00bb]<p><\/p>\n<p>Vous trouverez ici, dans le d\u00e9sordres, des photos des \u00e9v\u00e8nements pass\u00e9s, dont les chapitres.<\/p>\n<p><\/p>\n<p><\/p>\n<figure class=\"wp-block-gallery columns-3 is-cropped wp-block-gallery-1 is-layout-flex wp-block-gallery-is-layout-flex\">\n<ul class=\"blocks-gallery-grid\">\n<li class=\"blocks-gallery-item\">\n<figure><img loading=\"lazy\" decoding=\"async\" width=\"254\" height=\"233\" src=\"http:\/\/confreriepeketescargots.net\/wp-content\/uploads\/2021\/12\/image.png\" alt=\"\" data-id=\"114\" data-full-url=\"http:\/\/confreriepeketescargots.net\/wp-content\/uploads\/2021\/12\/image.png\" data-link=\"http:\/\/confreriepeketescargots.net\/index.php\/nos-produits\/image\/\" class=\"wp-image-114\" \/><\/figure>\n<\/li>\n<li class=\"blocks-gallery-item\">\n<figure><\/figure>\n<\/li>\n<li class=\"blocks-gallery-item\">\n<figure><\/figure>\n<\/li>\n<li class=\"blocks-gallery-item\">\n<figure><\/figure>\n<\/li>\n<li class=\"blocks-gallery-item\">\n<figure><\/figure>\n<\/li>\n<li class=\"blocks-gallery-item\">\n<figure><\/figure>\n<\/li>\n<li class=\"blocks-gallery-item\">\n<figure><\/figure>\n<\/li>\n<li class=\"blocks-gallery-item\">\n<figure><\/figure>\n<\/li>\n<\/ul>\n<\/figure>[\/et_pb_text][\/et_pb_column][\/et_pb_row][\/et_pb_section]","protected":false},"excerpt":{"rendered":"<p>Cette ann\u00e9e a vu l&rsquo;intronisation de : &#8230;&#8230;&#8230;.. Vous trouverez ici, dans le d\u00e9sordres, des photos des \u00e9v\u00e8nements pass\u00e9s, dont les chapitres.<\/p>\n","protected":false},"author":1,"featured_media":0,"parent":0,"menu_order":0,"comment_status":"closed","ping_status":"closed","template":"","meta":{"_et_pb_use_builder":"on","_et_pb_old_content":"","_et_gb_content_width":"","_EventAllDay":false,"_EventTimezone":"","_EventStartDate":"","_EventEndDate":"","_EventStartDateUTC":"","_EventEndDateUTC":"","_EventShowMap":false,"_EventShowMapLink":false,"_EventURL":"","_EventCost":"","_EventCostDescription":"","_EventCurrencySymbol":"","_EventCurrencyCode":"","_EventCurrencyPosition":"","_EventDateTimeSeparator":"","_EventTimeRangeSeparator":"","_EventOrganizerID":[],"_EventVenueID":[],"_OrganizerEmail":"","_OrganizerPhone":"","_OrganizerWebsite":"","_VenueAddress":"","_VenueCity":"","_VenueCountry":"","_VenueProvince":"","_VenueState":"","_VenueZip":"","_VenuePhone":"","_VenueURL":"","_VenueStateProvince":"","_VenueLat":"","_VenueLng":"","_VenueShowMap":false,"_VenueShowMapLink":false,"footnotes":""},"class_list":["post-239","page","type-page","status-publish","hentry"],"_links":{"self":[{"href":"http:\/\/confreriepeketescargots.net\/index.php\/wp-json\/wp\/v2\/pages\/239","targetHints":{"allow":["GET"]}}],"collection":[{"href":"http:\/\/confreriepeketescargots.net\/index.php\/wp-json\/wp\/v2\/pages"}],"about":[{"href":"http:\/\/confreriepeketescargots.net\/index.php\/wp-json\/wp\/v2\/types\/page"}],"author":[{"embeddable":true,"href":"http:\/\/confreriepeketescargots.net\/index.php\/wp-json\/wp\/v2\/users\/1"}],"replies":[{"embeddable":true,"href":"http:\/\/confreriepeketescargots.net\/index.php\/wp-json\/wp\/v2\/comments?post=239"}],"version-history":[{"count":3,"href":"http:\/\/confreriepeketescargots.net\/index.php\/wp-json\/wp\/v2\/pages\/239\/revisions"}],"predecessor-version":[{"id":242,"href":"http:\/\/confreriepeketescargots.net\/index.php\/wp-json\/wp\/v2\/pages\/239\/revisions\/242"}],"wp:attachment":[{"href":"http:\/\/confreriepeketescargots.net\/index.php\/wp-json\/wp\/v2\/media?parent=239"}],"curies":[{"name":"wp","href":"https:\/\/api.w.org\/{rel}","templated":true}]}}