{"id":162,"date":"2022-02-10T11:49:11","date_gmt":"2022-02-10T10:49:11","guid":{"rendered":"http:\/\/confreriepeketescargots.net\/?page_id=162"},"modified":"2022-02-23T22:29:52","modified_gmt":"2022-02-23T21:29:52","slug":"chapitres-passes","status":"publish","type":"page","link":"http:\/\/confreriepeketescargots.net\/index.php\/chapitres-passes\/","title":{"rendered":"Chapitres pass\u00e9s"},"content":{"rendered":"[et_pb_section admin_label=\u00a0\u00bbsection\u00a0\u00bb]\n\t\t\t[et_pb_row admin_label=\u00a0\u00bbrow\u00a0\u00bb]\n\t\t\t\t[et_pb_column type=\u00a0\u00bb4_4&Prime;][et_pb_text admin_label=\u00a0\u00bbText\u00a0\u00bb]<p>Vous trouverez ici, dans le d\u00e9sordres, des photos des \u00e9v\u00e8nements pass\u00e9s, dont les chapitres.<\/p><figure class=\"wp-block-gallery columns-3 is-cropped wp-block-gallery-1 is-layout-flex wp-block-gallery-is-layout-flex\"><ul class=\"blocks-gallery-grid\"><li class=\"blocks-gallery-item\"><figure><img loading=\"lazy\" decoding=\"async\" width=\"254\" height=\"233\" src=\"http:\/\/confreriepeketescargots.net\/wp-content\/uploads\/2021\/12\/image.png\" alt=\"\" data-id=\"114\" data-full-url=\"http:\/\/confreriepeketescargots.net\/wp-content\/uploads\/2021\/12\/image.png\" data-link=\"http:\/\/confreriepeketescargots.net\/index.php\/nos-produits\/image\/\" class=\"wp-image-114\"\/><\/figure><\/li><li class=\"blocks-gallery-item\"><figure><img loading=\"lazy\" decoding=\"async\" width=\"960\" height=\"638\" src=\"http:\/\/confreriepeketescargots.net\/wp-content\/uploads\/2021\/12\/16681501_10211532294359250_4831157683973345757_n.jpg\" alt=\"\" data-id=\"98\" data-full-url=\"http:\/\/confreriepeketescargots.net\/wp-content\/uploads\/2021\/12\/16681501_10211532294359250_4831157683973345757_n.jpg\" data-link=\"http:\/\/confreriepeketescargots.net\/16681501_10211532294359250_4831157683973345757_n\/\" class=\"wp-image-98\" srcset=\"http:\/\/confreriepeketescargots.net\/wp-content\/uploads\/2021\/12\/16681501_10211532294359250_4831157683973345757_n.jpg 960w, http:\/\/confreriepeketescargots.net\/wp-content\/uploads\/2021\/12\/16681501_10211532294359250_4831157683973345757_n-480x319.jpg 480w\" sizes=\"auto, (min-width: 0px) and (max-width: 480px) 480px, (min-width: 481px) 960px, 100vw\" \/><\/figure><\/li><li class=\"blocks-gallery-item\"><figure><img loading=\"lazy\" decoding=\"async\" width=\"1024\" height=\"684\" src=\"http:\/\/confreriepeketescargots.net\/wp-content\/uploads\/2021\/12\/1492239_10202770453435985_3182518320129493436_o-1-1024x684.jpg\" alt=\"\" data-id=\"88\" data-full-url=\"http:\/\/confreriepeketescargots.net\/wp-content\/uploads\/2021\/12\/1492239_10202770453435985_3182518320129493436_o-1.jpg\" data-link=\"http:\/\/confreriepeketescargots.net\/1492239_10202770453435985_3182518320129493436_o-2\/\" class=\"wp-image-88\" srcset=\"http:\/\/confreriepeketescargots.net\/wp-content\/uploads\/2021\/12\/1492239_10202770453435985_3182518320129493436_o-1-980x654.jpg 980w, http:\/\/confreriepeketescargots.net\/wp-content\/uploads\/2021\/12\/1492239_10202770453435985_3182518320129493436_o-1-480x320.jpg 480w\" sizes=\"auto, (min-width: 0px) and (max-width: 480px) 480px, (min-width: 481px) and (max-width: 980px) 980px, (min-width: 981px) 1024px, 100vw\" \/><\/figure><\/li><li class=\"blocks-gallery-item\"><figure><img loading=\"lazy\" decoding=\"async\" width=\"960\" height=\"641\" src=\"http:\/\/confreriepeketescargots.net\/wp-content\/uploads\/2021\/12\/1238170_10151841257140859_505854923_n-1.jpg\" alt=\"\" data-id=\"87\" data-full-url=\"http:\/\/confreriepeketescargots.net\/wp-content\/uploads\/2021\/12\/1238170_10151841257140859_505854923_n-1.jpg\" data-link=\"http:\/\/confreriepeketescargots.net\/1238170_10151841257140859_505854923_n-2\/\" class=\"wp-image-87\" srcset=\"http:\/\/confreriepeketescargots.net\/wp-content\/uploads\/2021\/12\/1238170_10151841257140859_505854923_n-1.jpg 960w, http:\/\/confreriepeketescargots.net\/wp-content\/uploads\/2021\/12\/1238170_10151841257140859_505854923_n-1-480x321.jpg 480w\" sizes=\"auto, (min-width: 0px) and (max-width: 480px) 480px, (min-width: 481px) 960px, 100vw\" \/><\/figure><\/li><li class=\"blocks-gallery-item\"><figure><img loading=\"lazy\" decoding=\"async\" width=\"960\" height=\"641\" src=\"http:\/\/confreriepeketescargots.net\/wp-content\/uploads\/2021\/12\/1234642_10151841250045859_1627513534_n-1.jpg\" alt=\"\" data-id=\"85\" data-full-url=\"http:\/\/confreriepeketescargots.net\/wp-content\/uploads\/2021\/12\/1234642_10151841250045859_1627513534_n-1.jpg\" data-link=\"http:\/\/confreriepeketescargots.net\/1234642_10151841250045859_1627513534_n-2\/\" class=\"wp-image-85\" srcset=\"http:\/\/confreriepeketescargots.net\/wp-content\/uploads\/2021\/12\/1234642_10151841250045859_1627513534_n-1.jpg 960w, http:\/\/confreriepeketescargots.net\/wp-content\/uploads\/2021\/12\/1234642_10151841250045859_1627513534_n-1-480x321.jpg 480w\" sizes=\"auto, (min-width: 0px) and (max-width: 480px) 480px, (min-width: 481px) 960px, 100vw\" \/><\/figure><\/li><li class=\"blocks-gallery-item\"><figure><img loading=\"lazy\" decoding=\"async\" width=\"1024\" height=\"576\" src=\"http:\/\/confreriepeketescargots.net\/wp-content\/uploads\/2021\/12\/904059_10151586765359846_2000360657_o-1024x576.jpg\" alt=\"\" data-id=\"82\" data-full-url=\"http:\/\/confreriepeketescargots.net\/wp-content\/uploads\/2021\/12\/904059_10151586765359846_2000360657_o.jpg\" data-link=\"http:\/\/confreriepeketescargots.net\/904059_10151586765359846_2000360657_o\/\" class=\"wp-image-82\" srcset=\"http:\/\/confreriepeketescargots.net\/wp-content\/uploads\/2021\/12\/904059_10151586765359846_2000360657_o-980x551.jpg 980w, http:\/\/confreriepeketescargots.net\/wp-content\/uploads\/2021\/12\/904059_10151586765359846_2000360657_o-480x270.jpg 480w\" sizes=\"auto, (min-width: 0px) and (max-width: 480px) 480px, (min-width: 481px) and (max-width: 980px) 980px, (min-width: 981px) 1024px, 100vw\" \/><\/figure><\/li><li class=\"blocks-gallery-item\"><figure><img loading=\"lazy\" decoding=\"async\" width=\"480\" height=\"360\" src=\"http:\/\/confreriepeketescargots.net\/wp-content\/uploads\/2021\/12\/249085_10151631302145859_1359699532_n.jpg\" alt=\"\" data-id=\"81\" data-full-url=\"http:\/\/confreriepeketescargots.net\/wp-content\/uploads\/2021\/12\/249085_10151631302145859_1359699532_n.jpg\" data-link=\"http:\/\/confreriepeketescargots.net\/249085_10151631302145859_1359699532_n\/\" class=\"wp-image-81\" srcset=\"http:\/\/confreriepeketescargots.net\/wp-content\/uploads\/2021\/12\/249085_10151631302145859_1359699532_n.jpg 480w, http:\/\/confreriepeketescargots.net\/wp-content\/uploads\/2021\/12\/249085_10151631302145859_1359699532_n-300x225.jpg 300w\" sizes=\"auto, (max-width: 480px) 100vw, 480px\" \/><\/figure><\/li><li class=\"blocks-gallery-item\"><figure><img loading=\"lazy\" decoding=\"async\" width=\"1024\" height=\"683\" src=\"http:\/\/confreriepeketescargots.net\/wp-content\/uploads\/2021\/12\/60285600_1960631877376722_744031568531554304_n-1024x683.jpg\" alt=\"\" data-id=\"72\" data-full-url=\"http:\/\/confreriepeketescargots.net\/wp-content\/uploads\/2021\/12\/60285600_1960631877376722_744031568531554304_n.jpg\" data-link=\"http:\/\/confreriepeketescargots.net\/60285600_1960631877376722_744031568531554304_n\/\" class=\"wp-image-72\" srcset=\"http:\/\/confreriepeketescargots.net\/wp-content\/uploads\/2021\/12\/60285600_1960631877376722_744031568531554304_n-980x653.jpg 980w, http:\/\/confreriepeketescargots.net\/wp-content\/uploads\/2021\/12\/60285600_1960631877376722_744031568531554304_n-480x320.jpg 480w\" sizes=\"auto, (min-width: 0px) and (max-width: 480px) 480px, (min-width: 481px) and (max-width: 980px) 980px, (min-width: 981px) 1024px, 100vw\" \/><\/figure><\/li><li class=\"blocks-gallery-item\"><figure><img loading=\"lazy\" decoding=\"async\" width=\"960\" height=\"653\" src=\"http:\/\/confreriepeketescargots.net\/wp-content\/uploads\/2021\/12\/18056932_10207140233703683_1468185916725962905_n.jpg\" alt=\"\" data-id=\"60\" data-full-url=\"http:\/\/confreriepeketescargots.net\/wp-content\/uploads\/2021\/12\/18056932_10207140233703683_1468185916725962905_n.jpg\" data-link=\"http:\/\/confreriepeketescargots.net\/18056932_10207140233703683_1468185916725962905_n\/\" class=\"wp-image-60\" srcset=\"http:\/\/confreriepeketescargots.net\/wp-content\/uploads\/2021\/12\/18056932_10207140233703683_1468185916725962905_n.jpg 960w, http:\/\/confreriepeketescargots.net\/wp-content\/uploads\/2021\/12\/18056932_10207140233703683_1468185916725962905_n-480x327.jpg 480w\" sizes=\"auto, (min-width: 0px) and (max-width: 480px) 480px, (min-width: 481px) 960px, 100vw\" \/><\/figure><\/li><li class=\"blocks-gallery-item\"><figure><img loading=\"lazy\" decoding=\"async\" width=\"960\" height=\"640\" src=\"http:\/\/confreriepeketescargots.net\/wp-content\/uploads\/2021\/12\/21272440_1976263839319665_5008900256628581018_n.jpg\" alt=\"\" data-id=\"54\" data-full-url=\"http:\/\/confreriepeketescargots.net\/wp-content\/uploads\/2021\/12\/21272440_1976263839319665_5008900256628581018_n.jpg\" data-link=\"http:\/\/confreriepeketescargots.net\/21272440_1976263839319665_5008900256628581018_n\/\" class=\"wp-image-54\" srcset=\"http:\/\/confreriepeketescargots.net\/wp-content\/uploads\/2021\/12\/21272440_1976263839319665_5008900256628581018_n.jpg 960w, http:\/\/confreriepeketescargots.net\/wp-content\/uploads\/2021\/12\/21272440_1976263839319665_5008900256628581018_n-480x320.jpg 480w\" sizes=\"auto, (min-width: 0px) and (max-width: 480px) 480px, (min-width: 481px) 960px, 100vw\" \/><\/figure><\/li><li class=\"blocks-gallery-item\"><figure><img loading=\"lazy\" decoding=\"async\" width=\"960\" height=\"540\" src=\"http:\/\/confreriepeketescargots.net\/wp-content\/uploads\/2021\/12\/69666543_10219814613937021_8755808135936999424_n.jpg\" alt=\"\" data-id=\"77\" data-full-url=\"http:\/\/confreriepeketescargots.net\/wp-content\/uploads\/2021\/12\/69666543_10219814613937021_8755808135936999424_n.jpg\" data-link=\"http:\/\/confreriepeketescargots.net\/69666543_10219814613937021_8755808135936999424_n\/\" class=\"wp-image-77\" srcset=\"http:\/\/confreriepeketescargots.net\/wp-content\/uploads\/2021\/12\/69666543_10219814613937021_8755808135936999424_n.jpg 960w, http:\/\/confreriepeketescargots.net\/wp-content\/uploads\/2021\/12\/69666543_10219814613937021_8755808135936999424_n-480x270.jpg 480w\" sizes=\"auto, (min-width: 0px) and (max-width: 480px) 480px, (min-width: 481px) 960px, 100vw\" \/><\/figure><\/li><li class=\"blocks-gallery-item\"><figure><img loading=\"lazy\" decoding=\"async\" width=\"960\" height=\"640\" src=\"http:\/\/confreriepeketescargots.net\/wp-content\/uploads\/2021\/12\/12004058_10207887086234764_4387269843676040906_n.jpg\" alt=\"\" data-id=\"93\" data-full-url=\"http:\/\/confreriepeketescargots.net\/wp-content\/uploads\/2021\/12\/12004058_10207887086234764_4387269843676040906_n.jpg\" data-link=\"http:\/\/confreriepeketescargots.net\/12004058_10207887086234764_4387269843676040906_n\/\" class=\"wp-image-93\" srcset=\"http:\/\/confreriepeketescargots.net\/wp-content\/uploads\/2021\/12\/12004058_10207887086234764_4387269843676040906_n.jpg 960w, http:\/\/confreriepeketescargots.net\/wp-content\/uploads\/2021\/12\/12004058_10207887086234764_4387269843676040906_n-480x320.jpg 480w\" sizes=\"auto, (min-width: 0px) and (max-width: 480px) 480px, (min-width: 481px) 960px, 100vw\" \/><\/figure><\/li><\/ul><\/figure>[\/et_pb_text][\/et_pb_column]\n\t\t\t[\/et_pb_row]\n\t\t[\/et_pb_section]","protected":false},"excerpt":{"rendered":"<p>Vous trouverez ici, dans le d\u00e9sordres, des photos des \u00e9v\u00e8nements pass\u00e9s, dont les chapitres.<\/p>\n","protected":false},"author":1,"featured_media":0,"parent":0,"menu_order":0,"comment_status":"closed","ping_status":"closed","template":"","meta":{"_et_pb_use_builder":"on","_et_pb_old_content":"<!-- wp:paragraph -->\n<p>Vous trouverez ici, dans le d\u00e9sordres, des photos des \u00e9v\u00e8nements pass\u00e9s, dont les chapitres.<\/p>\n<!-- \/wp:paragraph -->\n\n<!-- wp:gallery {\"ids\":[114,98,88,87,85,82,81,72,60,54,77,93],\"linkTo\":\"none\"} -->\n<figure class=\"wp-block-gallery columns-3 is-cropped\"><ul class=\"blocks-gallery-grid\"><li class=\"blocks-gallery-item\"><figure><img src=\"http:\/\/confreriepeketescargots.net\/wp-content\/uploads\/2021\/12\/image.png\" alt=\"\" data-id=\"114\" data-full-url=\"http:\/\/confreriepeketescargots.net\/wp-content\/uploads\/2021\/12\/image.png\" data-link=\"http:\/\/confreriepeketescargots.net\/index.php\/nos-produits\/image\/\" class=\"wp-image-114\"\/><\/figure><\/li><li class=\"blocks-gallery-item\"><figure><img src=\"http:\/\/confreriepeketescargots.net\/wp-content\/uploads\/2021\/12\/16681501_10211532294359250_4831157683973345757_n.jpg\" alt=\"\" data-id=\"98\" data-full-url=\"http:\/\/confreriepeketescargots.net\/wp-content\/uploads\/2021\/12\/16681501_10211532294359250_4831157683973345757_n.jpg\" data-link=\"http:\/\/confreriepeketescargots.net\/16681501_10211532294359250_4831157683973345757_n\/\" class=\"wp-image-98\"\/><\/figure><\/li><li class=\"blocks-gallery-item\"><figure><img src=\"http:\/\/confreriepeketescargots.net\/wp-content\/uploads\/2021\/12\/1492239_10202770453435985_3182518320129493436_o-1-1024x684.jpg\" alt=\"\" data-id=\"88\" data-full-url=\"http:\/\/confreriepeketescargots.net\/wp-content\/uploads\/2021\/12\/1492239_10202770453435985_3182518320129493436_o-1.jpg\" data-link=\"http:\/\/confreriepeketescargots.net\/1492239_10202770453435985_3182518320129493436_o-2\/\" class=\"wp-image-88\"\/><\/figure><\/li><li class=\"blocks-gallery-item\"><figure><img src=\"http:\/\/confreriepeketescargots.net\/wp-content\/uploads\/2021\/12\/1238170_10151841257140859_505854923_n-1.jpg\" alt=\"\" data-id=\"87\" data-full-url=\"http:\/\/confreriepeketescargots.net\/wp-content\/uploads\/2021\/12\/1238170_10151841257140859_505854923_n-1.jpg\" data-link=\"http:\/\/confreriepeketescargots.net\/1238170_10151841257140859_505854923_n-2\/\" class=\"wp-image-87\"\/><\/figure><\/li><li class=\"blocks-gallery-item\"><figure><img src=\"http:\/\/confreriepeketescargots.net\/wp-content\/uploads\/2021\/12\/1234642_10151841250045859_1627513534_n-1.jpg\" alt=\"\" data-id=\"85\" data-full-url=\"http:\/\/confreriepeketescargots.net\/wp-content\/uploads\/2021\/12\/1234642_10151841250045859_1627513534_n-1.jpg\" data-link=\"http:\/\/confreriepeketescargots.net\/1234642_10151841250045859_1627513534_n-2\/\" class=\"wp-image-85\"\/><\/figure><\/li><li class=\"blocks-gallery-item\"><figure><img src=\"http:\/\/confreriepeketescargots.net\/wp-content\/uploads\/2021\/12\/904059_10151586765359846_2000360657_o-1024x576.jpg\" alt=\"\" data-id=\"82\" data-full-url=\"http:\/\/confreriepeketescargots.net\/wp-content\/uploads\/2021\/12\/904059_10151586765359846_2000360657_o.jpg\" data-link=\"http:\/\/confreriepeketescargots.net\/904059_10151586765359846_2000360657_o\/\" class=\"wp-image-82\"\/><\/figure><\/li><li class=\"blocks-gallery-item\"><figure><img src=\"http:\/\/confreriepeketescargots.net\/wp-content\/uploads\/2021\/12\/249085_10151631302145859_1359699532_n.jpg\" alt=\"\" data-id=\"81\" data-full-url=\"http:\/\/confreriepeketescargots.net\/wp-content\/uploads\/2021\/12\/249085_10151631302145859_1359699532_n.jpg\" data-link=\"http:\/\/confreriepeketescargots.net\/249085_10151631302145859_1359699532_n\/\" class=\"wp-image-81\"\/><\/figure><\/li><li class=\"blocks-gallery-item\"><figure><img src=\"http:\/\/confreriepeketescargots.net\/wp-content\/uploads\/2021\/12\/60285600_1960631877376722_744031568531554304_n-1024x683.jpg\" alt=\"\" data-id=\"72\" data-full-url=\"http:\/\/confreriepeketescargots.net\/wp-content\/uploads\/2021\/12\/60285600_1960631877376722_744031568531554304_n.jpg\" data-link=\"http:\/\/confreriepeketescargots.net\/60285600_1960631877376722_744031568531554304_n\/\" class=\"wp-image-72\"\/><\/figure><\/li><li class=\"blocks-gallery-item\"><figure><img src=\"http:\/\/confreriepeketescargots.net\/wp-content\/uploads\/2021\/12\/18056932_10207140233703683_1468185916725962905_n.jpg\" alt=\"\" data-id=\"60\" data-full-url=\"http:\/\/confreriepeketescargots.net\/wp-content\/uploads\/2021\/12\/18056932_10207140233703683_1468185916725962905_n.jpg\" data-link=\"http:\/\/confreriepeketescargots.net\/18056932_10207140233703683_1468185916725962905_n\/\" class=\"wp-image-60\"\/><\/figure><\/li><li class=\"blocks-gallery-item\"><figure><img src=\"http:\/\/confreriepeketescargots.net\/wp-content\/uploads\/2021\/12\/21272440_1976263839319665_5008900256628581018_n.jpg\" alt=\"\" data-id=\"54\" data-full-url=\"http:\/\/confreriepeketescargots.net\/wp-content\/uploads\/2021\/12\/21272440_1976263839319665_5008900256628581018_n.jpg\" data-link=\"http:\/\/confreriepeketescargots.net\/21272440_1976263839319665_5008900256628581018_n\/\" class=\"wp-image-54\"\/><\/figure><\/li><li class=\"blocks-gallery-item\"><figure><img src=\"http:\/\/confreriepeketescargots.net\/wp-content\/uploads\/2021\/12\/69666543_10219814613937021_8755808135936999424_n.jpg\" alt=\"\" data-id=\"77\" data-full-url=\"http:\/\/confreriepeketescargots.net\/wp-content\/uploads\/2021\/12\/69666543_10219814613937021_8755808135936999424_n.jpg\" data-link=\"http:\/\/confreriepeketescargots.net\/69666543_10219814613937021_8755808135936999424_n\/\" class=\"wp-image-77\"\/><\/figure><\/li><li class=\"blocks-gallery-item\"><figure><img src=\"http:\/\/confreriepeketescargots.net\/wp-content\/uploads\/2021\/12\/12004058_10207887086234764_4387269843676040906_n.jpg\" alt=\"\" data-id=\"93\" data-full-url=\"http:\/\/confreriepeketescargots.net\/wp-content\/uploads\/2021\/12\/12004058_10207887086234764_4387269843676040906_n.jpg\" data-link=\"http:\/\/confreriepeketescargots.net\/12004058_10207887086234764_4387269843676040906_n\/\" class=\"wp-image-93\"\/><\/figure><\/li><\/ul><\/figure>\n<!-- \/wp:gallery -->","_et_gb_content_width":"","_EventAllDay":false,"_EventTimezone":"","_EventStartDate":"","_EventEndDate":"","_EventStartDateUTC":"","_EventEndDateUTC":"","_EventShowMap":false,"_EventShowMapLink":false,"_EventURL":"","_EventCost":"","_EventCostDescription":"","_EventCurrencySymbol":"","_EventCurrencyCode":"","_EventCurrencyPosition":"","_EventDateTimeSeparator":"","_EventTimeRangeSeparator":"","_EventOrganizerID":[],"_EventVenueID":[],"_OrganizerEmail":"","_OrganizerPhone":"","_OrganizerWebsite":"","_VenueAddress":"","_VenueCity":"","_VenueCountry":"","_VenueProvince":"","_VenueState":"","_VenueZip":"","_VenuePhone":"","_VenueURL":"","_VenueStateProvince":"","_VenueLat":"","_VenueLng":"","_VenueShowMap":false,"_VenueShowMapLink":false,"footnotes":""},"class_list":["post-162","page","type-page","status-publish","hentry"],"_links":{"self":[{"href":"http:\/\/confreriepeketescargots.net\/index.php\/wp-json\/wp\/v2\/pages\/162","targetHints":{"allow":["GET"]}}],"collection":[{"href":"http:\/\/confreriepeketescargots.net\/index.php\/wp-json\/wp\/v2\/pages"}],"about":[{"href":"http:\/\/confreriepeketescargots.net\/index.php\/wp-json\/wp\/v2\/types\/page"}],"author":[{"embeddable":true,"href":"http:\/\/confreriepeketescargots.net\/index.php\/wp-json\/wp\/v2\/users\/1"}],"replies":[{"embeddable":true,"href":"http:\/\/confreriepeketescargots.net\/index.php\/wp-json\/wp\/v2\/comments?post=162"}],"version-history":[{"count":2,"href":"http:\/\/confreriepeketescargots.net\/index.php\/wp-json\/wp\/v2\/pages\/162\/revisions"}],"predecessor-version":[{"id":215,"href":"http:\/\/confreriepeketescargots.net\/index.php\/wp-json\/wp\/v2\/pages\/162\/revisions\/215"}],"wp:attachment":[{"href":"http:\/\/confreriepeketescargots.net\/index.php\/wp-json\/wp\/v2\/media?parent=162"}],"curies":[{"name":"wp","href":"https:\/\/api.w.org\/{rel}","templated":true}]}}