{"id":144,"date":"2022-02-09T12:50:39","date_gmt":"2022-02-09T11:50:39","guid":{"rendered":"http:\/\/confreriepeketescargots.net\/?page_id=144"},"modified":"2023-02-27T16:17:20","modified_gmt":"2023-02-27T15:17:20","slug":"25eme-chapitre-solennel","status":"publish","type":"page","link":"http:\/\/confreriepeketescargots.net\/index.php\/25eme-chapitre-solennel\/","title":{"rendered":"25\u00e8me chapitre solennel"},"content":{"rendered":"[et_pb_section][et_pb_row][et_pb_column type=\u00a0\u00bb4_4&Prime;][et_pb_text]<!-- divi:paragraph -->\n<p><strong>Le chapitre se tiendra le 30 avril 2022 en l&rsquo;Eglise Sainte Marguerite \u00e0 Bouge<\/strong> <strong>pour la partie solennelle.<\/strong> <\/p>\n<!-- \/divi:paragraph -->\n\n<!-- divi:paragraph -->\n<p>Le repas se prendra en la salle du Bienvenu de W\u00e9pion.<\/p>\n<!-- \/divi:paragraph -->\n\n<!-- divi:image {\"id\":192,\"width\":612,\"height\":401,\"sizeSlug\":\"large\",\"linkDestination\":\"none\"} -->\n<figure class=\"wp-block-image size-large is-resized\"><img loading=\"lazy\" decoding=\"async\" src=\"http:\/\/confreriepeketescargots.net\/wp-content\/uploads\/2022\/02\/chapitre-fibonacci-et-escargot-Photoshop-jaune-6-1024x672.png\" alt=\"\" class=\"wp-image-192\" width=\"612\" height=\"401\"\/><\/figure>\n<!-- \/divi:image -->\n\n<!-- divi:heading -->\n<h2>Menu 8 services<\/h2>\n<!-- \/divi:heading -->\n\n<!-- divi:paragraph {\"fontSize\":\"medium\"} -->\n<p class=\"has-medium-font-size\"><strong>Traiteur S\u00e9bastien Pick<\/strong><\/p>\n<!-- \/divi:paragraph -->\n\n<!-- divi:table {\"style\":{\"color\":{\"background\":\"#fffeb9\"}},\"className\":\"is-style-stripes\"} -->\n<figure class=\"wp-block-table is-style-stripes\"><table class=\"has-background\" style=\"background-color:#fffeb9\"><tbody><tr><td><strong>Ap\u00e9ritif<\/strong><\/td><td><strong>Accompagn\u00e9 de ses d\u00e9gustations chaudes et froides<\/strong><\/td><\/tr><tr><td><strong>1<sup>\u00e8re<\/sup> entr\u00e9e (froide)<\/strong><\/td><td><strong>Carpaccio de Betterave, de Foie gras de Canard, Escargots marin\u00e9s, Cro\u00fbtons, Jets de L\u00e9gumes et Cr\u00e8me l\u00e9g\u00e8re au curry Madras <\/strong><\/td><\/tr><tr><td><\/td><td><\/td><td><\/td><td><\/td><\/tr><tr><td><strong>2<sup>\u00e8me<\/sup> entr\u00e9e (chaude)<\/strong><\/td><td><strong>Filet de Sole farci \u00e0 la Mousse de Saumon et St Jacques, Embeurr\u00e9e de chou-vert aux Lardons, Scampis Jumbo juste po\u00eal\u00e9s, Poireaux frits et Sabayon \u00e0 la Blonde de Han<\/strong><\/td><\/tr><tr><td><\/td><td><\/td><td><\/td><td><\/td><\/tr><tr><td><strong>Potage<\/strong><\/td><td><strong>Velout\u00e9 de Carottes au Cumin et sa Garniture surprise<\/strong><\/td><\/tr><tr><td><\/td><td><\/td><td><\/td><td><\/td><\/tr><tr><td><strong>Trou normand<\/strong><\/td><td><strong>Sorbet tout vert&nbsp;\u2026Pomme verte en Mirepoix et peket<\/strong>  <span class=\"has-inline-color has-vivid-red-color\">(1)<\/span><\/td><\/tr><tr><td><\/td><td><\/td><td><\/td><td><\/td><\/tr><tr><td><strong>Plat principal<\/strong><\/td><td><strong>Paupiette de Dinde farcie aux Ris de Veau et Noisettes, Sabayon Moutard\u00e9 comme chez Bister , L\u00e9gumes de Saison et Gratin de Pommes de terre<\/strong><\/td><\/tr><tr><td><\/td><td><\/td><td><\/td><td><\/td><\/tr><tr><td><strong>Dessert<\/strong><\/td><td><strong>Le G\u00e2teau du 25<sup>\u00e8me<\/sup><\/strong> <span class=\"has-inline-color has-vivid-red-color\">(2)<\/span><\/td><\/tr><tr><td><\/td><td><\/td><td><\/td><td><\/td><\/tr><tr><td><strong>Caf\u00e9<\/strong><\/td><td><strong>Le Petit Moka et sa Suite en&nbsp; Buffet\u2026\u2026\u2026\u2026\u2026et le Petit coff\u00e9e. Pecket ( pecketretto )<\/strong> <span class=\"has-inline-color has-vivid-red-color\">(3)<\/span><\/td><\/tr><\/tbody><\/table><figcaption>(1) le peket sera du peket citron &#8211; (2) Dessert du 25\u00e8me anniversaire &#8211; (3) Peket nature afin de confectionner un peketcoffee<\/figcaption><\/figure>\n<!-- \/divi:table -->\n\n<!-- divi:heading -->\n<h2>Programme<\/h2>\n<!-- \/divi:heading -->\n\n<!-- divi:paragraph -->\n<p>09h00 : accueil des confr\u00e9ries (Eglise Sainte-Marguerite ,voir plus bas)<\/p>\n<!-- \/divi:paragraph -->\n\n<!-- divi:paragraph -->\n<p>09h45 : mise en habits et Appel des confr\u00e9ries<\/p>\n<!-- \/divi:paragraph -->\n\n<!-- divi:paragraph -->\n<p>10h00 : Ouverture du 25<sup>\u00e8me<\/sup>&nbsp;chapitre<\/p>\n<!-- \/divi:paragraph -->\n\n<!-- divi:paragraph -->\n<p>11 h45 : Verre de l\u2019amiti\u00e9 et d\u00e9part vers la salle du Bienvenu \u00e0 W\u00e9pion<\/p>\n<!-- \/divi:paragraph -->\n\n<!-- divi:paragraph -->\n<p>13h00&nbsp; : Agapes du 25<sup>\u00e8me<\/sup>&nbsp;chapitre (\u00e0 W\u00e9pion, voir plus bas)<\/p>\n<!-- \/divi:paragraph -->\n\n<!-- divi:paragraph {\"style\":{\"typography\":{\"fontSize\":\"24px\"}}} -->\n<p style=\"font-size:24px\"><strong>Animation <\/strong>: <a rel=\"noreferrer noopener\" href=\"https:\/\/www.facebook.com\/andrea.caltagirone.98\" target=\"_blank\">Andrea Caltagirone<\/a><\/p>\n<!-- \/divi:paragraph -->\n\n<!-- divi:heading -->\n<h2>Tombola <\/h2>\n<!-- \/divi:heading -->\n\n<!-- divi:paragraph -->\n<p><\/p>\n<!-- \/divi:paragraph -->\n\n<!-- divi:paragraph -->\n<p><\/p>\n<!-- \/divi:paragraph -->\n\n<!-- divi:heading -->\n<h2>Inscriptions : <\/h2>\n<!-- \/divi:heading -->\n\n<!-- divi:paragraph -->\n<p><img decoding=\"async\" src=\"https:\/\/lh5.googleusercontent.com\/0QDsNliGbBp716t1l8MZrRSz2kdtXg4_FivzxfPe_W3exxaa_8ONkC0jdwbwnFbjeSCq3dlVk2kIkzRWcPw48tKB0PfTndKT4t3ksHbdztoHI4NiD6Sn5PAvwLFgltN8wV0I3qrz\" style=\"width: 800px;\"><\/p>\n<!-- \/divi:paragraph -->\n\n<!-- divi:media-text {\"mediaPosition\":\"right\",\"mediaId\":431,\"linkDestination\":\"custom\",\"mediaType\":\"image\",\"mediaWidth\":22} -->\n<div class=\"wp-block-media-text alignwide has-media-on-the-right is-stacked-on-mobile\" style=\"grid-template-columns:auto 22%\"><figure class=\"wp-block-media-text__media\"><a href=\"https:\/\/docs.google.com\/document\/d\/1AEhu59QwKH5tfJvgMNiiTiGHcVEItLOiMrBPJ1ngAGY\/edit?usp=sharing\" target=\"_blank\" rel=\"noopener\"><img loading=\"lazy\" decoding=\"async\" width=\"1024\" height=\"672\" src=\"http:\/\/confreriepeketescargots.net\/wp-content\/uploads\/2022\/03\/chapitre-logo-1024x672.png\" alt=\"\" class=\"wp-image-431 size-full\" srcset=\"http:\/\/confreriepeketescargots.net\/wp-content\/uploads\/2022\/03\/chapitre-logo-980x643.png 980w, http:\/\/confreriepeketescargots.net\/wp-content\/uploads\/2022\/03\/chapitre-logo-480x315.png 480w\" sizes=\"auto, (min-width: 0px) and (max-width: 480px) 480px, (min-width: 481px) and (max-width: 980px) 980px, (min-width: 981px) 1024px, 100vw\" \/><\/a><\/figure><div class=\"wp-block-media-text__content\"><!-- divi:paragraph {\"align\":\"right\",\"placeholder\":\"Content\u2026\",\"style\":{\"typography\":{\"fontSize\":\"26px\"}}} -->\n<p class=\"has-text-align-right\" style=\"font-size:26px\">Gagnez du temps, suivez-moi pour  imprimer le fomulaire&#8230;<\/p>\n<!-- \/divi:paragraph --><\/div><\/div>\n<!-- \/divi:media-text -->\n\n<!-- divi:heading -->\n<h2>Infos pratiques<\/h2>\n<!-- \/divi:heading -->\n\n<!-- divi:table -->\n<figure class=\"wp-block-table\"><table><tbody><tr><td><strong><u>Inscriptions :<\/u> <u>&nbsp;<\/u><\/strong><br><br><strong><em>aupr\u00e8s de  Claudine Chauvier<\/em><\/strong>, <strong><em>Grand Maisse<\/em><\/strong> <br><strong><em>T\u00e9l. : +32 474 207 922<\/em><\/strong><br><strong><em>Email&nbsp;: chauvierclaudine<\/em>@<em>gmail.com&nbsp;<\/em><\/strong> <br><strong><em>Tienne de Bouge 2<\/em><\/strong> <br><strong><em>5004 BOUGE<\/em><\/strong> <br><br><strong><em>PRIX&nbsp;: 55 \u20ac \/personne<\/em><\/strong> <br>B<strong><em>oissons \u00e0 prix d\u00e9mocratique<\/em><\/strong><br><br><strong>Paiement&nbsp;: virement au compte IBAN : BE58 7326 6432 6779<\/strong> <strong>de la Confr\u00e9rie du Peket d&rsquo;Namur<\/strong><\/td><\/tr><\/tbody><\/table><\/figure>\n<!-- \/divi:table -->\n\n<!-- divi:paragraph -->\n<p><strong>Possibilit\u00e9 de payer sur place&nbsp;&nbsp;&nbsp;&nbsp;<\/strong><\/p>\n<!-- \/divi:paragraph -->\n\n<!-- divi:paragraph -->\n<p><\/p>\n<!-- \/divi:paragraph -->\n\n<!-- divi:paragraph {\"style\":{\"typography\":{\"fontSize\":\"24px\"}}} -->\n<p style=\"font-size:24px\"><strong>Lieu (chapitre) : Eglise Sainte Marguerite<\/strong><\/p>\n<!-- \/divi:paragraph -->\n\n<!-- divi:image -->\n<figure class=\"wp-block-image\"><img decoding=\"async\" src=\"blob:http:\/\/confreriepeketescargots.net\/7bb375ee-e49d-4d29-868e-afd5a2d9b19d\" alt=\"\"\/><\/figure>\n<!-- \/divi:image -->\n\n<!-- divi:image {\"id\":285,\"sizeSlug\":\"full\",\"linkDestination\":\"none\"} -->\n<figure class=\"wp-block-image size-full\"><img loading=\"lazy\" decoding=\"async\" width=\"793\" height=\"459\" src=\"http:\/\/confreriepeketescargots.net\/wp-content\/uploads\/2022\/03\/image-2.png\" alt=\"\" class=\"wp-image-285\" srcset=\"http:\/\/confreriepeketescargots.net\/wp-content\/uploads\/2022\/03\/image-2.png 793w, http:\/\/confreriepeketescargots.net\/wp-content\/uploads\/2022\/03\/image-2-480x278.png 480w\" sizes=\"auto, (min-width: 0px) and (max-width: 480px) 480px, (min-width: 481px) 793px, 100vw\" \/><figcaption><a href=\"https:\/\/www.google.com\/maps\/place\/%C3%89glise+Sainte-Marguerite+de+Namur\/@50.4695824,4.8853662,15z\/data=!4m5!3m4!1s0x47c1991f46c0a6c3:0xf09d48c9d1f67601!8m2!3d50.4719756!4d4.8913047\" target=\"_blank\" rel=\"noreferrer noopener\">https:\/\/www.google.com\/maps\/place\/%C3%89glise+Sainte-Marguerite+de+Namur\/@50.4695824,4.8853662,15z\/data=!4m5!3m4!1s0x47c1991f46c0a6c3:0xf09d48c9d1f67601!8m2!3d50.4719756!4d4.8913047<\/a><\/figcaption><\/figure>\n<!-- \/divi:image -->\n\n<!-- divi:paragraph -->\n<p>Par la E411,  prendre la sortie 14, se diriger droite sur la bretelle pour N80 vers C.H.R \/ Expo \/ Namur-Centre<\/p>\n<!-- \/divi:paragraph -->\n\n<!-- divi:paragraph -->\n<p>0,4 km<\/p>\n<!-- \/divi:paragraph -->\n\n<!-- divi:paragraph -->\n<p>80 m<\/p>\n<!-- \/divi:paragraph -->\n\n<!-- divi:paragraph -->\n<p>Prendre \u00e0 droite sur N80 \/ Route de Hannut en direction de Namur \/ N80<\/p>\n<!-- \/divi:paragraph -->\n\n<!-- divi:paragraph -->\n<p>0,4 km<\/p>\n<!-- \/divi:paragraph -->\n\n<!-- divi:paragraph -->\n<p>32 m<\/p>\n<!-- \/divi:paragraph -->\n\n<!-- divi:paragraph -->\n<p>Au rond-point, prendre la sortie 1surRue du Grand Feu<\/p>\n<!-- \/divi:paragraph -->\n\n<!-- divi:paragraph -->\n<p>0,8 km<\/p>\n<!-- \/divi:paragraph -->\n\n<!-- divi:paragraph -->\n<p>Arriv\u00e9e \u00e0 Rue du Grand Feu sur la gauche<\/p>\n<!-- \/divi:paragraph -->\n\n<!-- divi:paragraph -->\n<p><\/p>\n<!-- \/divi:paragraph -->\n\n<!-- divi:heading -->\n<h2>Repas (lieu) : Salle du Bienvenu \u00e0 W\u00e9pion<\/h2>\n<!-- \/divi:heading -->\n\n<!-- divi:paragraph -->\n<p><\/p>\n<!-- \/divi:paragraph -->\n\n<!-- divi:image {\"id\":159,\"sizeSlug\":\"full\",\"linkDestination\":\"none\"} -->\n<figure class=\"wp-block-image size-full\"><img loading=\"lazy\" decoding=\"async\" width=\"946\" height=\"626\" src=\"http:\/\/confreriepeketescargots.net\/wp-content\/uploads\/2022\/02\/image.png\" alt=\"\" class=\"wp-image-159\" srcset=\"http:\/\/confreriepeketescargots.net\/wp-content\/uploads\/2022\/02\/image.png 946w, http:\/\/confreriepeketescargots.net\/wp-content\/uploads\/2022\/02\/image-480x318.png 480w\" sizes=\"auto, (min-width: 0px) and (max-width: 480px) 480px, (min-width: 481px) 946px, 100vw\" \/><figcaption>Salle du Bienvenu \u00e0 W\u00e9pion<br><a href=\"https:\/\/www.google.be\/maps\/place\/C.S.+W%C3%A9pion+asbl\/@50.4214907,4.8547866,18z\/data=!4m5!3m4!1s0x47c199c2ec87dd6b:0x557c524f4ea9726d!8m2!3d50.4214907!4d4.8558809\" target=\"_blank\" rel=\"noreferrer noopener\">Google&nbsp;Maps<\/a><\/figcaption><\/figure>\n<!-- \/divi:image -->[\/et_pb_text][\/et_pb_column][\/et_pb_row][\/et_pb_section]","protected":false},"excerpt":{"rendered":"<p><div class=\"et_pb_section et_pb_section_0 et_section_regular\" >\n\t\t\t\t\n\t\t\t\t\n\t\t\t\t\n\t\t\t\t\n\t\t\t\t\t\n\t\t\t\t\n\t\t\t\t\n\t\t\t<\/div><div class=\"et_pb_row et_pb_row_0 et_pb_row_empty\">\n\t\t\t\t\n\t\t\t\t\n\t\t\t\t\n\t\t\t<\/div><div class=\"et_pb_module et_pb_text et_pb_text_0  et_pb_text_align_left et_pb_bg_layout_light\">\n\t\t\t\t\n\t\t\t\t\n\t\t\t\t\n\t\t\t<\/div> Le chapitre se tiendra le 30 avril 2022 en l&rsquo;Eglise Sainte Marguerite \u00e0 Bouge pour la partie solennelle. Le repas se prendra en la salle du Bienvenu de W\u00e9pion. [&hellip;]<\/p>\n","protected":false},"author":1,"featured_media":0,"parent":0,"menu_order":0,"comment_status":"closed","ping_status":"closed","template":"","meta":{"_et_pb_use_builder":"on","_et_pb_old_content":"<!-- wp:paragraph -->\n<p><strong>Le chapitre se tiendra le 30 avril 2022 en l'Eglise Sainte Marguerite \u00e0 Bouge<\/strong> <strong>pour la partie solennelle.<\/strong> <\/p>\n<!-- \/wp:paragraph -->\n\n<!-- wp:paragraph -->\n<p>Le repas se prendra en la salle du Bienvenu de W\u00e9pion.<\/p>\n<!-- \/wp:paragraph -->\n\n<!-- wp:image {\"id\":192,\"width\":612,\"height\":401,\"sizeSlug\":\"large\",\"linkDestination\":\"none\"} -->\n<figure class=\"wp-block-image size-large is-resized\"><img src=\"http:\/\/confreriepeketescargots.net\/wp-content\/uploads\/2022\/02\/chapitre-fibonacci-et-escargot-Photoshop-jaune-6-1024x672.png\" alt=\"\" class=\"wp-image-192\" width=\"612\" height=\"401\"\/><\/figure>\n<!-- \/wp:image -->\n\n<!-- wp:heading -->\n<h2>Menu 8 services<\/h2>\n<!-- \/wp:heading -->\n\n<!-- wp:paragraph {\"fontSize\":\"medium\"} -->\n<p class=\"has-medium-font-size\"><strong>Traiteur S\u00e9bastien Pick<\/strong><\/p>\n<!-- \/wp:paragraph -->\n\n<!-- wp:table {\"style\":{\"color\":{\"background\":\"#fffeb9\"}},\"className\":\"is-style-stripes\"} -->\n<figure class=\"wp-block-table is-style-stripes\"><table class=\"has-background\" style=\"background-color:#fffeb9\"><tbody><tr><td><strong>Ap\u00e9ritif<\/strong><\/td><td><strong>Accompagn\u00e9 de ses d\u00e9gustations chaudes et froides<\/strong><\/td><\/tr><tr><td><strong>1<sup>\u00e8re<\/sup> entr\u00e9e (froide)<\/strong><\/td><td><strong>Carpaccio de Betterave, de Foie gras de Canard, Escargots marin\u00e9s, Cro\u00fbtons, Jets de L\u00e9gumes et Cr\u00e8me l\u00e9g\u00e8re au curry Madras <\/strong><\/td><\/tr><tr><td><\/td><td><\/td><td><\/td><td><\/td><\/tr><tr><td><strong>2<sup>\u00e8me<\/sup> entr\u00e9e (chaude)<\/strong><\/td><td><strong>Filet de Sole farci \u00e0 la Mousse de Saumon et St Jacques, Embeurr\u00e9e de chou-vert aux Lardons, Scampis Jumbo juste po\u00eal\u00e9s, Poireaux frits et Sabayon \u00e0 la Blonde de Han<\/strong><\/td><\/tr><tr><td><\/td><td><\/td><td><\/td><td><\/td><\/tr><tr><td><strong>Potage<\/strong><\/td><td><strong>Velout\u00e9 de Carottes au Cumin et sa Garniture surprise<\/strong><\/td><\/tr><tr><td><\/td><td><\/td><td><\/td><td><\/td><\/tr><tr><td><strong>Trou normand<\/strong><\/td><td><strong>Sorbet tout vert&nbsp;\u2026Pomme verte en Mirepoix et peket<\/strong>  <span class=\"has-inline-color has-vivid-red-color\">(1)<\/span><\/td><\/tr><tr><td><\/td><td><\/td><td><\/td><td><\/td><\/tr><tr><td><strong>Plat principal<\/strong><\/td><td><strong>Paupiette de Dinde farcie aux Ris de Veau et Noisettes, Sabayon Moutard\u00e9 comme chez Bister , L\u00e9gumes de Saison et Gratin de Pommes de terre<\/strong><\/td><\/tr><tr><td><\/td><td><\/td><td><\/td><td><\/td><\/tr><tr><td><strong>Dessert<\/strong><\/td><td><strong>Le G\u00e2teau du 25<sup>\u00e8me<\/sup><\/strong> <span class=\"has-inline-color has-vivid-red-color\">(2)<\/span><\/td><\/tr><tr><td><\/td><td><\/td><td><\/td><td><\/td><\/tr><tr><td><strong>Caf\u00e9<\/strong><\/td><td><strong>Le Petit Moka et sa Suite en&nbsp; Buffet\u2026\u2026\u2026\u2026\u2026et le Petit coff\u00e9e. Pecket ( pecketretto )<\/strong> <span class=\"has-inline-color has-vivid-red-color\">(3)<\/span><\/td><\/tr><\/tbody><\/table><figcaption>(1) le peket sera du peket citron - (2) Dessert du 25\u00e8me anniversaire - (3) Peket nature afin de confectionner un peketcoffee<\/figcaption><\/figure>\n<!-- \/wp:table -->\n\n<!-- wp:heading -->\n<h2>Programme<\/h2>\n<!-- \/wp:heading -->\n\n<!-- wp:paragraph -->\n<p>09h00 : accueil des confr\u00e9ries (Eglise Sainte-Marguerite ,voir plus bas)<\/p>\n<!-- \/wp:paragraph -->\n\n<!-- wp:paragraph -->\n<p>09h45 : mise en habits et Appel des confr\u00e9ries<\/p>\n<!-- \/wp:paragraph -->\n\n<!-- wp:paragraph -->\n<p>10h00 : Ouverture du 25<sup>\u00e8me<\/sup>&nbsp;chapitre<\/p>\n<!-- \/wp:paragraph -->\n\n<!-- wp:paragraph -->\n<p>11 h45 : Verre de l\u2019amiti\u00e9 et d\u00e9part vers la salle du Bienvenu \u00e0 W\u00e9pion<\/p>\n<!-- \/wp:paragraph -->\n\n<!-- wp:paragraph -->\n<p>13h00&nbsp; : Agapes du 25<sup>\u00e8me<\/sup>&nbsp;chapitre (\u00e0 W\u00e9pion, voir plus bas)<\/p>\n<!-- \/wp:paragraph -->\n\n<!-- wp:paragraph {\"style\":{\"typography\":{\"fontSize\":\"24px\"}}} -->\n<p style=\"font-size:24px\"><strong>Animation <\/strong>: <a rel=\"noreferrer noopener\" href=\"https:\/\/www.facebook.com\/andrea.caltagirone.98\" target=\"_blank\">Andrea Caltagirone<\/a><\/p>\n<!-- \/wp:paragraph -->\n\n<!-- wp:heading -->\n<h2>Tombola <\/h2>\n<!-- \/wp:heading -->\n\n<!-- wp:paragraph -->\n<p><\/p>\n<!-- \/wp:paragraph -->\n\n<!-- wp:paragraph -->\n<p><\/p>\n<!-- \/wp:paragraph -->\n\n<!-- wp:heading -->\n<h2>Inscriptions : <\/h2>\n<!-- \/wp:heading -->\n\n<!-- wp:paragraph -->\n<p><img src=\"https:\/\/lh5.googleusercontent.com\/0QDsNliGbBp716t1l8MZrRSz2kdtXg4_FivzxfPe_W3exxaa_8ONkC0jdwbwnFbjeSCq3dlVk2kIkzRWcPw48tKB0PfTndKT4t3ksHbdztoHI4NiD6Sn5PAvwLFgltN8wV0I3qrz\" style=\"width: 800px;\"><\/p>\n<!-- \/wp:paragraph -->\n\n<!-- wp:media-text {\"mediaPosition\":\"right\",\"mediaId\":431,\"linkDestination\":\"custom\",\"mediaType\":\"image\",\"mediaWidth\":22} -->\n<div class=\"wp-block-media-text alignwide has-media-on-the-right is-stacked-on-mobile\" style=\"grid-template-columns:auto 22%\"><figure class=\"wp-block-media-text__media\"><a href=\"https:\/\/docs.google.com\/document\/d\/1AEhu59QwKH5tfJvgMNiiTiGHcVEItLOiMrBPJ1ngAGY\/edit?usp=sharing\" target=\"_blank\" rel=\"noopener\"><img src=\"http:\/\/confreriepeketescargots.net\/wp-content\/uploads\/2022\/03\/chapitre-logo-1024x672.png\" alt=\"\" class=\"wp-image-431 size-full\"\/><\/a><\/figure><div class=\"wp-block-media-text__content\"><!-- wp:paragraph {\"align\":\"right\",\"placeholder\":\"Content\u2026\",\"style\":{\"typography\":{\"fontSize\":\"26px\"}}} -->\n<p class=\"has-text-align-right\" style=\"font-size:26px\">Gagnez du temps, suivez-moi pour  imprimer le fomulaire...<\/p>\n<!-- \/wp:paragraph --><\/div><\/div>\n<!-- \/wp:media-text -->\n\n<!-- wp:heading -->\n<h2>Infos pratiques<\/h2>\n<!-- \/wp:heading -->\n\n<!-- wp:table -->\n<figure class=\"wp-block-table\"><table><tbody><tr><td><strong><u>Inscriptions :<\/u> <u>&nbsp;<\/u><\/strong><br><br><strong><em>aupr\u00e8s de  Claudine Chauvier<\/em><\/strong>, <strong><em>Grand Maisse<\/em><\/strong> <br><strong><em>T\u00e9l. : +32 474 207 922<\/em><\/strong><br><strong><em>Email&nbsp;: chauvierclaudine<\/em>@<em>gmail.com&nbsp;<\/em><\/strong> <br><strong><em>Tienne de Bouge 2<\/em><\/strong> <br><strong><em>5004 BOUGE<\/em><\/strong> <br><br><strong><em>PRIX&nbsp;: 55 \u20ac \/personne<\/em><\/strong> <br>B<strong><em>oissons \u00e0 prix d\u00e9mocratique<\/em><\/strong><br><br><strong>Paiement&nbsp;: virement au compte IBAN : BE58 7326 6432 6779<\/strong> <strong>de la Confr\u00e9rie du Peket d'Namur<\/strong><\/td><\/tr><\/tbody><\/table><\/figure>\n<!-- \/wp:table -->\n\n<!-- wp:paragraph -->\n<p><strong>Possibilit\u00e9 de payer sur place&nbsp;&nbsp;&nbsp;&nbsp;<\/strong><\/p>\n<!-- \/wp:paragraph -->\n\n<!-- wp:paragraph -->\n<p><\/p>\n<!-- \/wp:paragraph -->\n\n<!-- wp:paragraph {\"style\":{\"typography\":{\"fontSize\":\"24px\"}}} -->\n<p style=\"font-size:24px\"><strong>Lieu (chapitre) : Eglise Sainte Marguerite<\/strong><\/p>\n<!-- \/wp:paragraph -->\n\n<!-- wp:image -->\n<figure class=\"wp-block-image\"><img src=\"blob:http:\/\/confreriepeketescargots.net\/7bb375ee-e49d-4d29-868e-afd5a2d9b19d\" alt=\"\"\/><\/figure>\n<!-- \/wp:image -->\n\n<!-- wp:image {\"id\":285,\"sizeSlug\":\"full\",\"linkDestination\":\"none\"} -->\n<figure class=\"wp-block-image size-full\"><img src=\"http:\/\/confreriepeketescargots.net\/wp-content\/uploads\/2022\/03\/image-2.png\" alt=\"\" class=\"wp-image-285\"\/><figcaption><a href=\"https:\/\/www.google.com\/maps\/place\/%C3%89glise+Sainte-Marguerite+de+Namur\/@50.4695824,4.8853662,15z\/data=!4m5!3m4!1s0x47c1991f46c0a6c3:0xf09d48c9d1f67601!8m2!3d50.4719756!4d4.8913047\" target=\"_blank\" rel=\"noreferrer noopener\">https:\/\/www.google.com\/maps\/place\/%C3%89glise+Sainte-Marguerite+de+Namur\/@50.4695824,4.8853662,15z\/data=!4m5!3m4!1s0x47c1991f46c0a6c3:0xf09d48c9d1f67601!8m2!3d50.4719756!4d4.8913047<\/a><\/figcaption><\/figure>\n<!-- \/wp:image -->\n\n<!-- wp:paragraph -->\n<p>Par la E411,  prendre la sortie 14, se diriger droite sur la bretelle pour N80 vers C.H.R \/ Expo \/ Namur-Centre<\/p>\n<!-- \/wp:paragraph -->\n\n<!-- wp:paragraph -->\n<p>0,4 km<\/p>\n<!-- \/wp:paragraph -->\n\n<!-- wp:paragraph -->\n<p>80 m<\/p>\n<!-- \/wp:paragraph -->\n\n<!-- wp:paragraph -->\n<p>Prendre \u00e0 droite sur N80 \/ Route de Hannut en direction de Namur \/ N80<\/p>\n<!-- \/wp:paragraph -->\n\n<!-- wp:paragraph -->\n<p>0,4 km<\/p>\n<!-- \/wp:paragraph -->\n\n<!-- wp:paragraph -->\n<p>32 m<\/p>\n<!-- \/wp:paragraph -->\n\n<!-- wp:paragraph -->\n<p>Au rond-point, prendre la sortie 1surRue du Grand Feu<\/p>\n<!-- \/wp:paragraph -->\n\n<!-- wp:paragraph -->\n<p>0,8 km<\/p>\n<!-- \/wp:paragraph -->\n\n<!-- wp:paragraph -->\n<p>Arriv\u00e9e \u00e0 Rue du Grand Feu sur la gauche<\/p>\n<!-- \/wp:paragraph -->\n\n<!-- wp:paragraph -->\n<p><\/p>\n<!-- \/wp:paragraph -->\n\n<!-- wp:heading -->\n<h2>Repas (lieu) : Salle du Bienvenu \u00e0 W\u00e9pion<\/h2>\n<!-- \/wp:heading -->\n\n<!-- wp:paragraph -->\n<p><\/p>\n<!-- \/wp:paragraph -->\n\n<!-- wp:image {\"id\":159,\"sizeSlug\":\"full\",\"linkDestination\":\"none\"} -->\n<figure class=\"wp-block-image size-full\"><img src=\"http:\/\/confreriepeketescargots.net\/wp-content\/uploads\/2022\/02\/image.png\" alt=\"\" class=\"wp-image-159\"\/><figcaption>Salle du Bienvenu \u00e0 W\u00e9pion<br><a href=\"https:\/\/www.google.be\/maps\/place\/C.S.+W%C3%A9pion+asbl\/@50.4214907,4.8547866,18z\/data=!4m5!3m4!1s0x47c199c2ec87dd6b:0x557c524f4ea9726d!8m2!3d50.4214907!4d4.8558809\" target=\"_blank\" rel=\"noreferrer noopener\">Google&nbsp;Maps<\/a><\/figcaption><\/figure>\n<!-- \/wp:image -->","_et_gb_content_width":"","_EventAllDay":false,"_EventTimezone":"","_EventStartDate":"","_EventEndDate":"","_EventStartDateUTC":"","_EventEndDateUTC":"","_EventShowMap":false,"_EventShowMapLink":false,"_EventURL":"","_EventCost":"","_EventCostDescription":"","_EventCurrencySymbol":"","_EventCurrencyCode":"","_EventCurrencyPosition":"","_EventDateTimeSeparator":"","_EventTimeRangeSeparator":"","_EventOrganizerID":[],"_EventVenueID":[0],"_OrganizerEmail":"","_OrganizerPhone":"","_OrganizerWebsite":"","_VenueAddress":"","_VenueCity":"","_VenueCountry":"","_VenueProvince":"","_VenueState":"","_VenueZip":"","_VenuePhone":"","_VenueURL":"","_VenueStateProvince":"","_VenueLat":"","_VenueLng":"","_VenueShowMap":false,"_VenueShowMapLink":false,"footnotes":""},"class_list":["post-144","page","type-page","status-publish","hentry"],"_links":{"self":[{"href":"http:\/\/confreriepeketescargots.net\/index.php\/wp-json\/wp\/v2\/pages\/144","targetHints":{"allow":["GET"]}}],"collection":[{"href":"http:\/\/confreriepeketescargots.net\/index.php\/wp-json\/wp\/v2\/pages"}],"about":[{"href":"http:\/\/confreriepeketescargots.net\/index.php\/wp-json\/wp\/v2\/types\/page"}],"author":[{"embeddable":true,"href":"http:\/\/confreriepeketescargots.net\/index.php\/wp-json\/wp\/v2\/users\/1"}],"replies":[{"embeddable":true,"href":"http:\/\/confreriepeketescargots.net\/index.php\/wp-json\/wp\/v2\/comments?post=144"}],"version-history":[{"count":65,"href":"http:\/\/confreriepeketescargots.net\/index.php\/wp-json\/wp\/v2\/pages\/144\/revisions"}],"predecessor-version":[{"id":598,"href":"http:\/\/confreriepeketescargots.net\/index.php\/wp-json\/wp\/v2\/pages\/144\/revisions\/598"}],"wp:attachment":[{"href":"http:\/\/confreriepeketescargots.net\/index.php\/wp-json\/wp\/v2\/media?parent=144"}],"curies":[{"name":"wp","href":"https:\/\/api.w.org\/{rel}","templated":true}]}}