{"id":132,"date":"2021-12-31T17:26:12","date_gmt":"2021-12-31T16:26:12","guid":{"rendered":"http:\/\/confreriepeketescargots.net\/?page_id=132"},"modified":"2021-12-31T17:57:16","modified_gmt":"2021-12-31T16:57:16","slug":"en-souvenir","status":"publish","type":"page","link":"http:\/\/confreriepeketescargots.net\/index.php\/nos-membres\/en-souvenir\/","title":{"rendered":"En souvenir"},"content":{"rendered":"<p>Cet espace est l\u00e0 pour que ceux qui sont partis sous d&rsquo;autres cieux restent dans nos m\u00e9moires \u00e0 jamais.<\/p><p>Jos\u00e9 Gr\u00e9visse, Maisse Pr\u00e9sident Fondateur<\/p><figure class=\"wp-block-image\"><img decoding=\"async\" src=\"https:\/\/image.jimcdn.com\/app\/cms\/image\/transf\/dimension=268x1024:format=jpg\/path\/s9221ab4da4871dc3\/image\/i4b6dc419f8f3c0ef\/version\/1422343494\/image.jpg\" alt=\"\"\/><\/figure><p>&nbsp;Maisse Chine\u00fb: Christophe Tillieux.<br><br>Nous n&rsquo;oublierons pas ce Maisse d&rsquo;une gentillesse \u00e0 toute \u00e9preuve, d&rsquo;une approche sociale incommensurable , d&rsquo;un dynamisme \u00e9tonnant.<br>Encore merci \u00e0 toi Christophe!<\/p><p><strong>Jean-Pol Copay, notre maisse&nbsp;Scribouilleu<\/strong><\/p><p><strong><br><\/strong>Journaliste \u00e0 l&rsquo;Avenir, il avait en charge l&rsquo;actualit\u00e9 locale depuis plusieurs ann\u00e9es. Au travers de ses articles, toujours appr\u00e9ci\u00e9s par les lecteurs, Jean-Pol d\u00e9fendait ce folklore namurois et ces traditions populaires, qui lui ont offert tant de bons moments et d&rsquo;amis.<\/p><p>Parfois vif dans ses propos, il d\u00e9testait les injustices. Il savait animer nos r\u00e9unions et nos chapitres.<\/p><p><strong>Madame Gr\u00e9visse, Maisse aux Fleurs.<\/strong><\/p><p>Ma\u00eetresse d&rsquo;\u00e9cole, elle avait une patience d&rsquo;ange avec les tout petits. Bien que sa pr\u00e9sence aupr\u00e8s du Grand Ma\u00eetre Jos\u00e9 \u00e9tait discr\u00e8te et empreinte de douceur, elle \u00e9tait n\u00e9anmoins une repr\u00e9sentante digne de la Confr\u00e9rie par son amabilit\u00e9, sa gentillesse, sa patience et sa bonne humeur.<\/p><p><strong>Monsieur Patrick Sonvaux, Maisse Doseu<\/strong><\/p><p>Figure incontournable dans les milieux sportif, associatif et politique namurois. Au rang de ses passions, le sport avait une grande place et particuli\u00e8rement le basket. Administrateur actif au Comit\u00e9 Central de Wallonie, au festival des Arts Forains, c\u2019\u00e9tait un homme de terrain efficace, proche des gens et particuli\u00e8rement sympathique.<\/p><p>Il restait fid\u00e8le \u00e0 sa formule: dire ce que l\u2019on fait et faire ce que l\u2019on dit<\/p><p><strong>Monsieur Johan Van Loocke, Maisse Technicien<br><\/strong><\/p><p>Sa connaissance du m\u00e9tier en faisait un pilier ma\u00eetre de la technique \u00e0 la Maison de la Culture o\u00f9 il \u00e9tait toujours pr\u00eat \u00e0 rendre service. Il communiquait par sa gentillesse et son sens de l\u2019humour. Nous nous souviendrons d\u2019un homme affable, toujours de bonne humeur et proche de ses confr\u00e8res et consoeurs de la confr\u00e9rie<\/p><p><strong>Madame Carmen Willot, Maisse Costr\u00ee.<\/strong><\/p><p>Elle incarnait la g\u00e9n\u00e9rosit\u00e9 au sens large du terme. Pendant quelques ann\u00e9es, elle a confectionn\u00e9 les costumes de la confr\u00e9rie. Sa simplicit\u00e9 et sa gentillesse \u00e9taient appr\u00e9ci\u00e9es non seulement en confr\u00e9ries mais aussi dans le cercle de ses amis joueurs de cartes.<\/p><p>Cette octog\u00e9naire appr\u00e9ciait surtout la visite journali\u00e8re de ses deux arri\u00e8re-petites-filles Mara et Aliz\u00e9e qui la comblaient de bonheur.<\/p>","protected":false},"excerpt":{"rendered":"<p>Cet espace est l\u00e0 pour que ceux qui sont partis sous d&rsquo;autres cieux restent dans nos m\u00e9moires \u00e0 jamais. Jos\u00e9 Gr\u00e9visse, Maisse Pr\u00e9sident Fondateur &nbsp;Maisse Chine\u00fb: Christophe Tillieux. Nous n&rsquo;oublierons [&hellip;]<\/p>\n","protected":false},"author":1,"featured_media":0,"parent":123,"menu_order":0,"comment_status":"closed","ping_status":"closed","template":"","meta":{"_et_pb_use_builder":"off","_et_pb_old_content":"","_et_gb_content_width":"793","_EventAllDay":false,"_EventTimezone":"","_EventStartDate":"","_EventEndDate":"","_EventStartDateUTC":"","_EventEndDateUTC":"","_EventShowMap":false,"_EventShowMapLink":false,"_EventURL":"","_EventCost":"","_EventCostDescription":"","_EventCurrencySymbol":"","_EventCurrencyCode":"","_EventCurrencyPosition":"","_EventDateTimeSeparator":"","_EventTimeRangeSeparator":"","_EventOrganizerID":[],"_EventVenueID":[],"_OrganizerEmail":"","_OrganizerPhone":"","_OrganizerWebsite":"","_VenueAddress":"","_VenueCity":"","_VenueCountry":"","_VenueProvince":"","_VenueState":"","_VenueZip":"","_VenuePhone":"","_VenueURL":"","_VenueStateProvince":"","_VenueLat":"","_VenueLng":"","_VenueShowMap":false,"_VenueShowMapLink":false,"footnotes":""},"class_list":["post-132","page","type-page","status-publish","hentry"],"_links":{"self":[{"href":"http:\/\/confreriepeketescargots.net\/index.php\/wp-json\/wp\/v2\/pages\/132","targetHints":{"allow":["GET"]}}],"collection":[{"href":"http:\/\/confreriepeketescargots.net\/index.php\/wp-json\/wp\/v2\/pages"}],"about":[{"href":"http:\/\/confreriepeketescargots.net\/index.php\/wp-json\/wp\/v2\/types\/page"}],"author":[{"embeddable":true,"href":"http:\/\/confreriepeketescargots.net\/index.php\/wp-json\/wp\/v2\/users\/1"}],"replies":[{"embeddable":true,"href":"http:\/\/confreriepeketescargots.net\/index.php\/wp-json\/wp\/v2\/comments?post=132"}],"version-history":[{"count":1,"href":"http:\/\/confreriepeketescargots.net\/index.php\/wp-json\/wp\/v2\/pages\/132\/revisions"}],"predecessor-version":[{"id":133,"href":"http:\/\/confreriepeketescargots.net\/index.php\/wp-json\/wp\/v2\/pages\/132\/revisions\/133"}],"up":[{"embeddable":true,"href":"http:\/\/confreriepeketescargots.net\/index.php\/wp-json\/wp\/v2\/pages\/123"}],"wp:attachment":[{"href":"http:\/\/confreriepeketescargots.net\/index.php\/wp-json\/wp\/v2\/media?parent=132"}],"curies":[{"name":"wp","href":"https:\/\/api.w.org\/{rel}","templated":true}]}}